{"id":109,"date":"2025-10-11T05:52:53","date_gmt":"2025-10-11T05:52:53","guid":{"rendered":"https:\/\/cyberskills.pl\/?page_id=109"},"modified":"2025-10-11T06:30:06","modified_gmt":"2025-10-11T06:30:06","slug":"kontakt","status":"publish","type":"page","link":"https:\/\/cyberskills.pl\/?page_id=109","title":{"rendered":"Kontakt"},"content":{"rendered":"<div class=\"qcf-main qcf-style default\"><div id=\"none\"><div class=\"qcf-state qcf-ajax-loading qcf-style default\"><h2 class=\"validating\">Checking&#8230;<\/h2><\/div><div class=\"qcf-state qcf-ajax-error qcf-style default\"><div align=\"center\">Ouch! There was a server error.<br \/><a class=\"qcf-retry\">Retry &raquo;<\/a><\/div><\/div><div class=\"qcf-state qcf-sending qcf-style default\"><h2 class=\"sending\">Sending message&#8230;<\/h2><\/div><div class='qcf-state qcf-form-wrapper'>\r\t<h2 class=\"qcf-header\">Formularz Kontaktowy<\/h2>\r\t<p class=\"qcf-blurb\">Wype\u0142nij formularz kt\u00f3ry znajduje si\u0119 poni\u017cej.<\/p>\r\t<form class='qcf-form' action=\"\" method=\"POST\" enctype=\"multipart\/form-data\" id=\"qfc-form-default-1\">\r\t<input type='hidden' name='id' value='' \/>\r\t<input type=\"text\" id=\"qcf-form-field-id--1\" placeholder=\"Imi\u0119 i Nazwisko\" class=\"qcf-form-field\" name=\"qcfname1\" value=\"\">\r\t<input type=\"email\" id=\"qcf-form-field-id--2\" placeholder=\"Email\" class=\"qcf-form-field\" name=\"qcfname2\" value=\"\">\r\t<textarea id=\"qcf-form-field-id--4\" placeholder=\"Wiadomo\u015b\u0107\" class=\"qcf-form-field\" name=\"qcfname4\"><\/textarea>\r\t<p>Odpowiedz na pytanie poni\u017cej w celu weryfikacji spamu&#8230;<\/p><p>8 + 8 = <input type=\"text\" class=\"required\" style=\"width:3em;font-size:inherit\" name=\"qcfname12\" value=\"\"><\/p> \n                <input type=\"hidden\" name=\"answer\" value=\"16\" \/>\n                <input type=\"hidden\" name=\"thesum\" value=\"8 + 8\" \/><p><input type=\"submit\" value=\"Wy\u015blij\" id=\"submit\" name=\"qcfsubmit\" \/><\/p><input type=\"hidden\" name=\"form_id\" value=\"69e1e890d72512\" \/><\/form><\/div>\r\t<div style=\"clear:both\"><\/div><\/div>\r\t<\/div>\r\t","protected":false},"excerpt":{"rendered":"","protected":false},"author":1,"featured_media":0,"parent":0,"menu_order":0,"comment_status":"closed","ping_status":"closed","template":"","meta":{"ocean_post_layout":"","ocean_both_sidebars_style":"","ocean_both_sidebars_content_width":0,"ocean_both_sidebars_sidebars_width":0,"ocean_sidebar":"","ocean_second_sidebar":"","ocean_disable_margins":"enable","ocean_add_body_class":"","ocean_shortcode_before_top_bar":"","ocean_shortcode_after_top_bar":"","ocean_shortcode_before_header":"","ocean_shortcode_after_header":"","ocean_has_shortcode":"","ocean_shortcode_after_title":"","ocean_shortcode_before_footer_widgets":"","ocean_shortcode_after_footer_widgets":"","ocean_shortcode_before_footer_bottom":"","ocean_shortcode_after_footer_bottom":"","ocean_display_top_bar":"default","ocean_display_header":"default","ocean_header_style":"","ocean_center_header_left_menu":"","ocean_custom_header_template":"","ocean_custom_logo":0,"ocean_custom_retina_logo":0,"ocean_custom_logo_max_width":0,"ocean_custom_logo_tablet_max_width":0,"ocean_custom_logo_mobile_max_width":0,"ocean_custom_logo_max_height":0,"ocean_custom_logo_tablet_max_height":0,"ocean_custom_logo_mobile_max_height":0,"ocean_header_custom_menu":"","ocean_menu_typo_font_family":"","ocean_menu_typo_font_subset":"","ocean_menu_typo_font_size":0,"ocean_menu_typo_font_size_tablet":0,"ocean_menu_typo_font_size_mobile":0,"ocean_menu_typo_font_size_unit":"px","ocean_menu_typo_font_weight":"","ocean_menu_typo_font_weight_tablet":"","ocean_menu_typo_font_weight_mobile":"","ocean_menu_typo_transform":"","ocean_menu_typo_transform_tablet":"","ocean_menu_typo_transform_mobile":"","ocean_menu_typo_line_height":0,"ocean_menu_typo_line_height_tablet":0,"ocean_menu_typo_line_height_mobile":0,"ocean_menu_typo_line_height_unit":"","ocean_menu_typo_spacing":0,"ocean_menu_typo_spacing_tablet":0,"ocean_menu_typo_spacing_mobile":0,"ocean_menu_typo_spacing_unit":"","ocean_menu_link_color":"","ocean_menu_link_color_hover":"","ocean_menu_link_color_active":"","ocean_menu_link_background":"","ocean_menu_link_hover_background":"","ocean_menu_link_active_background":"","ocean_menu_social_links_bg":"","ocean_menu_social_hover_links_bg":"","ocean_menu_social_links_color":"","ocean_menu_social_hover_links_color":"","ocean_disable_title":"default","ocean_disable_heading":"default","ocean_post_title":"","ocean_post_subheading":"","ocean_post_title_style":"","ocean_post_title_background_color":"","ocean_post_title_background":0,"ocean_post_title_bg_image_position":"","ocean_post_title_bg_image_attachment":"","ocean_post_title_bg_image_repeat":"","ocean_post_title_bg_image_size":"","ocean_post_title_height":0,"ocean_post_title_bg_overlay":0.5,"ocean_post_title_bg_overlay_color":"","ocean_disable_breadcrumbs":"default","ocean_breadcrumbs_color":"","ocean_breadcrumbs_separator_color":"","ocean_breadcrumbs_links_color":"","ocean_breadcrumbs_links_hover_color":"","ocean_display_footer_widgets":"default","ocean_display_footer_bottom":"default","ocean_custom_footer_template":"","footnotes":""},"class_list":["post-109","page","type-page","status-publish","hentry","entry","owp-thumbs-layout-horizontal","owp-btn-normal","owp-tabs-layout-horizontal","has-no-thumbnails","has-product-nav"],"jetpack_sharing_enabled":true,"_links":{"self":[{"href":"https:\/\/cyberskills.pl\/index.php?rest_route=\/wp\/v2\/pages\/109","targetHints":{"allow":["GET"]}}],"collection":[{"href":"https:\/\/cyberskills.pl\/index.php?rest_route=\/wp\/v2\/pages"}],"about":[{"href":"https:\/\/cyberskills.pl\/index.php?rest_route=\/wp\/v2\/types\/page"}],"author":[{"embeddable":true,"href":"https:\/\/cyberskills.pl\/index.php?rest_route=\/wp\/v2\/users\/1"}],"replies":[{"embeddable":true,"href":"https:\/\/cyberskills.pl\/index.php?rest_route=%2Fwp%2Fv2%2Fcomments&post=109"}],"version-history":[{"count":2,"href":"https:\/\/cyberskills.pl\/index.php?rest_route=\/wp\/v2\/pages\/109\/revisions"}],"predecessor-version":[{"id":130,"href":"https:\/\/cyberskills.pl\/index.php?rest_route=\/wp\/v2\/pages\/109\/revisions\/130"}],"wp:attachment":[{"href":"https:\/\/cyberskills.pl\/index.php?rest_route=%2Fwp%2Fv2%2Fmedia&parent=109"}],"curies":[{"name":"wp","href":"https:\/\/api.w.org\/{rel}","templated":true}]}}