{"id":8,"date":"2025-10-09T17:50:50","date_gmt":"2025-10-09T17:50:50","guid":{"rendered":"https:\/\/cyberskills.pl\/?page_id=8"},"modified":"2025-10-11T10:26:42","modified_gmt":"2025-10-11T10:26:42","slug":"koszyk","status":"publish","type":"page","link":"https:\/\/cyberskills.pl\/?page_id=8","title":{"rendered":"Koszyk"},"content":{"rendered":"\n<div data-block-name=\"woocommerce\/cart\" class=\"wp-block-woocommerce-cart alignwide is-loading\">\n<div data-block-name=\"woocommerce\/filled-cart-block\" class=\"wp-block-woocommerce-filled-cart-block\">\n<div data-block-name=\"woocommerce\/cart-items-block\" class=\"wp-block-woocommerce-cart-items-block\">\n<div data-block-name=\"woocommerce\/cart-line-items-block\" class=\"wp-block-woocommerce-cart-line-items-block\"><\/div>\n\n\n<\/div>\n\n\n\n\n<div data-block-name=\"woocommerce\/cart-totals-block\" class=\"wp-block-woocommerce-cart-totals-block\">\n<div data-block-name=\"woocommerce\/cart-order-summary-block\" class=\"wp-block-woocommerce-cart-order-summary-block\">\n<div data-block-name=\"woocommerce\/cart-order-summary-heading-block\" class=\"wp-block-woocommerce-cart-order-summary-heading-block\"><\/div><div data-block-name=\"woocommerce\/cart-order-summary-coupon-form-block\" class=\"wp-block-woocommerce-cart-order-summary-coupon-form-block\"><\/div><div data-block-name=\"woocommerce\/cart-order-summary-totals-block\" class=\"wp-block-woocommerce-cart-order-summary-totals-block\">\n<div data-block-name=\"woocommerce\/cart-order-summary-subtotal-block\" class=\"wp-block-woocommerce-cart-order-summary-subtotal-block\"><\/div>\n<div data-block-name=\"woocommerce\/cart-order-summary-discount-block\" class=\"wp-block-woocommerce-cart-order-summary-discount-block\"><\/div>\n<div data-block-name=\"woocommerce\/cart-order-summary-fee-block\" class=\"wp-block-woocommerce-cart-order-summary-fee-block\"><\/div>\n<div data-block-name=\"woocommerce\/cart-order-summary-shipping-block\" class=\"wp-block-woocommerce-cart-order-summary-shipping-block\"><\/div>\n<div data-block-name=\"woocommerce\/cart-order-summary-taxes-block\" class=\"wp-block-woocommerce-cart-order-summary-taxes-block\"><\/div><\/div>\n<\/div>\n\n\n\n<div data-block-name=\"woocommerce\/cart-express-payment-block\" class=\"wp-block-woocommerce-cart-express-payment-block\"><\/div>\n\n\n\n<div data-block-name=\"woocommerce\/proceed-to-checkout-block\" class=\"wp-block-woocommerce-proceed-to-checkout-block\"><\/div>\n<div id=\"ppcp-recaptcha-v2-container\" style=\"margin:20px 0;\"><\/div>\n\n\n<div data-block-name=\"woocommerce\/cart-accepted-payment-methods-block\" class=\"wp-block-woocommerce-cart-accepted-payment-methods-block\"><\/div>\n<\/div>\n<\/div>\n\n\n\n<div data-block-name=\"woocommerce\/empty-cart-block\" class=\"wp-block-woocommerce-empty-cart-block\">\n<h2 class=\"wp-block-heading has-text-align-center with-empty-cart-icon wc-block-cart__empty-cart__title\">Tw\u00f3j koszyk jest obecnie pusty!<\/h2>\n\n\n\n<hr class=\"wp-block-separator has-alpha-channel-opacity is-style-dots\"\/>\n\n\n\n<h2 class=\"wp-block-heading has-text-align-center\">Nowe w sklepie<\/h2>\n\n\n<div data-block-name=\"woocommerce\/product-new\" data-columns=\"4\" data-rows=\"1\" class=\"wc-block-grid wp-block-product-new wp-block-woocommerce-product-new wc-block-product-new has-4-columns\"><ul class=\"wc-block-grid__products\"><li class=\"wc-block-grid__product\">\n\t\t\t\t<a href=\"https:\/\/cyberskills.pl\/?product=mikrotik-wireguard-vpn-bezpieczne-polaczenie-miedzy-dwoma-routerami-routerboard\" class=\"wc-block-grid__product-link\">\n\t\t\t\t\t\n\t\t\t\t\t<div class=\"wc-block-grid__product-image\"><img loading=\"lazy\" decoding=\"async\" width=\"300\" height=\"300\" src=\"https:\/\/cyberskills.pl\/wp-content\/uploads\/2026\/02\/pl_ebook_id0023_MikroTik.WireGuard.VPN\u2013Bezpieczne.polaczenie.miedzy.dwoma_.routerami.RouterBoard-300x300.png\" class=\"attachment-woocommerce_thumbnail size-woocommerce_thumbnail\" alt=\"MikroTik WireGuard VPN \u2013 bezpieczne po\u0142\u0105czenie mi\u0119dzy dwoma routerami RouterBoard\" srcset=\"https:\/\/cyberskills.pl\/wp-content\/uploads\/2026\/02\/pl_ebook_id0023_MikroTik.WireGuard.VPN\u2013Bezpieczne.polaczenie.miedzy.dwoma_.routerami.RouterBoard-300x300.png 300w, https:\/\/cyberskills.pl\/wp-content\/uploads\/2026\/02\/pl_ebook_id0023_MikroTik.WireGuard.VPN\u2013Bezpieczne.polaczenie.miedzy.dwoma_.routerami.RouterBoard-150x150.png 150w, https:\/\/cyberskills.pl\/wp-content\/uploads\/2026\/02\/pl_ebook_id0023_MikroTik.WireGuard.VPN\u2013Bezpieczne.polaczenie.miedzy.dwoma_.routerami.RouterBoard-600x600.png 600w, https:\/\/cyberskills.pl\/wp-content\/uploads\/2026\/02\/pl_ebook_id0023_MikroTik.WireGuard.VPN\u2013Bezpieczne.polaczenie.miedzy.dwoma_.routerami.RouterBoard-100x100.png 100w\" sizes=\"auto, (max-width: 300px) 100vw, 300px\" \/><\/div>\n\t\t\t\t\t<div class=\"wc-block-grid__product-title\">MikroTik WireGuard VPN \u2013 bezpieczne po\u0142\u0105czenie mi\u0119dzy dwoma routerami RouterBoard<\/div>\n\t\t\t\t<\/a>\n\t\t\t\t<div class=\"wc-block-grid__product-price price\"><span class=\"woocommerce-Price-amount amount\">19,90&nbsp;<span class=\"woocommerce-Price-currencySymbol\">&#122;&#322;<\/span><\/span><\/div>\n\t\t\t\t\n\t\t\t\t<div class=\"wp-block-button wc-block-grid__product-add-to-cart\"><a href=\"https:\/\/cyberskills.pl\/?product=mikrotik-wireguard-vpn-bezpieczne-polaczenie-miedzy-dwoma-routerami-routerboard\" aria-label=\"Wybierz opcje dla &bdquo;MikroTik WireGuard VPN \u2013 bezpieczne po\u0142\u0105czenie mi\u0119dzy dwoma routerami RouterBoard&rdquo;\" data-quantity=\"1\" data-product_id=\"291\" data-product_sku=\"00006\" data-price=\"19.9\" rel=\"nofollow\" class=\"wp-block-button__link  add_to_cart_button\">Wybierz opcje<\/a><\/div>\n\t\t\t<\/li><li class=\"wc-block-grid__product\">\n\t\t\t\t<a href=\"https:\/\/cyberskills.pl\/?product=mikrotik-tunel-eoip-przez-wireguard-vpn-praktyczny-przewodnik-pdf-routeros-v7\" class=\"wc-block-grid__product-link\">\n\t\t\t\t\t\n\t\t\t\t\t<div class=\"wc-block-grid__product-image\"><img loading=\"lazy\" decoding=\"async\" width=\"300\" height=\"300\" src=\"https:\/\/cyberskills.pl\/wp-content\/uploads\/2026\/01\/ebook_id0024_MikroTik.Tunel_.EoIP_.przez_.WireGuard.VPN\u2013Praktyczny.przewodnik.krok_.po_.kroku_-300x300.png\" class=\"attachment-woocommerce_thumbnail size-woocommerce_thumbnail\" alt=\"MikroTik Tunel EoIP przez WireGuard VPN \u2013 Praktyczny przewodnik krok po kroku\" srcset=\"https:\/\/cyberskills.pl\/wp-content\/uploads\/2026\/01\/ebook_id0024_MikroTik.Tunel_.EoIP_.przez_.WireGuard.VPN\u2013Praktyczny.przewodnik.krok_.po_.kroku_-300x300.png 300w, https:\/\/cyberskills.pl\/wp-content\/uploads\/2026\/01\/ebook_id0024_MikroTik.Tunel_.EoIP_.przez_.WireGuard.VPN\u2013Praktyczny.przewodnik.krok_.po_.kroku_-150x150.png 150w, https:\/\/cyberskills.pl\/wp-content\/uploads\/2026\/01\/ebook_id0024_MikroTik.Tunel_.EoIP_.przez_.WireGuard.VPN\u2013Praktyczny.przewodnik.krok_.po_.kroku_-600x600.png 600w, https:\/\/cyberskills.pl\/wp-content\/uploads\/2026\/01\/ebook_id0024_MikroTik.Tunel_.EoIP_.przez_.WireGuard.VPN\u2013Praktyczny.przewodnik.krok_.po_.kroku_-100x100.png 100w\" sizes=\"auto, (max-width: 300px) 100vw, 300px\" \/><\/div>\n\t\t\t\t\t<div class=\"wc-block-grid__product-title\">MikroTik: Tunel EoIP przez WireGuard VPN \u2013 Praktyczny Przewodnik PDF (RouterOS v7)<\/div>\n\t\t\t\t<\/a>\n\t\t\t\t<div class=\"wc-block-grid__product-price price\"><span class=\"woocommerce-Price-amount amount\">19,90&nbsp;<span class=\"woocommerce-Price-currencySymbol\">&#122;&#322;<\/span><\/span><\/div>\n\t\t\t\t\n\t\t\t\t<div class=\"wp-block-button wc-block-grid__product-add-to-cart\"><a href=\"https:\/\/cyberskills.pl\/?product=mikrotik-tunel-eoip-przez-wireguard-vpn-praktyczny-przewodnik-pdf-routeros-v7\" aria-label=\"Wybierz opcje dla &bdquo;MikroTik: Tunel EoIP przez WireGuard VPN \u2013 Praktyczny Przewodnik PDF (RouterOS v7)&rdquo;\" data-quantity=\"1\" data-product_id=\"267\" data-product_sku=\"00005\" data-price=\"19.9\" rel=\"nofollow\" class=\"wp-block-button__link  add_to_cart_button\">Wybierz opcje<\/a><\/div>\n\t\t\t<\/li><li class=\"wc-block-grid__product\">\n\t\t\t\t<a href=\"https:\/\/cyberskills.pl\/?product=merry-christmas-inspirational-notebook-2\" class=\"wc-block-grid__product-link\">\n\t\t\t\t\t\n\t\t\t\t\t<div class=\"wc-block-grid__product-image\"><img loading=\"lazy\" decoding=\"async\" width=\"300\" height=\"300\" src=\"https:\/\/cyberskills.pl\/wp-content\/uploads\/2025\/12\/71CLQYKmlRL._SL1499_-300x300.jpg\" class=\"attachment-woocommerce_thumbnail size-woocommerce_thumbnail\" alt=\"Merry Christmas + &quot;Stay positive, work hard, make it happen&quot;\" srcset=\"https:\/\/cyberskills.pl\/wp-content\/uploads\/2025\/12\/71CLQYKmlRL._SL1499_-300x300.jpg 300w, https:\/\/cyberskills.pl\/wp-content\/uploads\/2025\/12\/71CLQYKmlRL._SL1499_-150x150.jpg 150w, https:\/\/cyberskills.pl\/wp-content\/uploads\/2025\/12\/71CLQYKmlRL._SL1499_-600x600.jpg 600w, https:\/\/cyberskills.pl\/wp-content\/uploads\/2025\/12\/71CLQYKmlRL._SL1499_-100x100.jpg 100w\" sizes=\"auto, (max-width: 300px) 100vw, 300px\" \/><\/div>\n\t\t\t\t\t<div class=\"wc-block-grid__product-title\">Merry Christmas Inspirational Notebook<\/div>\n\t\t\t\t<\/a>\n\t\t\t\t<div class=\"wc-block-grid__product-price price\"><span class=\"woocommerce-Price-amount amount\">22,05&nbsp;<span class=\"woocommerce-Price-currencySymbol\">&#122;&#322;<\/span><\/span><\/div>\n\t\t\t\t\n\t\t\t\t<div class=\"wp-block-button wc-block-grid__product-add-to-cart\"><a href=\"https:\/\/www.amazon.pl\/dp\/B0G58QXRX3\" aria-label=\"Kup &bdquo;Merry Christmas Inspirational Notebook&rdquo;\" data-quantity=\"1\" data-product_id=\"259\" data-product_sku=\"B0G58QXRX3\" data-price=\"22.05\" rel=\"nofollow noopener\" class=\"wp-block-button__link  add_to_cart_button\" target=\"_blank\">Kup produkt<\/a><\/div>\n\t\t\t<\/li><li class=\"wc-block-grid__product\">\n\t\t\t\t<a href=\"https:\/\/cyberskills.pl\/?product=merry-christmas-inspirational-notebook\" class=\"wc-block-grid__product-link\">\n\t\t\t\t\t\n\t\t\t\t\t<div class=\"wc-block-grid__product-image\"><img loading=\"lazy\" decoding=\"async\" width=\"300\" height=\"300\" src=\"https:\/\/cyberskills.pl\/wp-content\/uploads\/2025\/12\/61CxbgP0H2L._SL1499_-300x300.jpg\" class=\"attachment-woocommerce_thumbnail size-woocommerce_thumbnail\" alt=\"Merry Christmas + &quot;Stay positive, work hard, make it happen&quot;\" srcset=\"https:\/\/cyberskills.pl\/wp-content\/uploads\/2025\/12\/61CxbgP0H2L._SL1499_-300x300.jpg 300w, https:\/\/cyberskills.pl\/wp-content\/uploads\/2025\/12\/61CxbgP0H2L._SL1499_-150x150.jpg 150w, https:\/\/cyberskills.pl\/wp-content\/uploads\/2025\/12\/61CxbgP0H2L._SL1499_-600x600.jpg 600w, https:\/\/cyberskills.pl\/wp-content\/uploads\/2025\/12\/61CxbgP0H2L._SL1499_-100x100.jpg 100w\" sizes=\"auto, (max-width: 300px) 100vw, 300px\" \/><\/div>\n\t\t\t\t\t<div class=\"wc-block-grid__product-title\">Merry Christmas Inspirational Notebook<\/div>\n\t\t\t\t<\/a>\n\t\t\t\t<div class=\"wc-block-grid__product-price price\"><span class=\"woocommerce-Price-amount amount\">22,05&nbsp;<span class=\"woocommerce-Price-currencySymbol\">&#122;&#322;<\/span><\/span><\/div>\n\t\t\t\t\n\t\t\t\t<div class=\"wp-block-button wc-block-grid__product-add-to-cart\"><a href=\"https:\/\/www.amazon.pl\/dp\/B0G545MF93\" aria-label=\"Kup &bdquo;Merry Christmas Inspirational Notebook&rdquo;\" data-quantity=\"1\" data-product_id=\"257\" data-product_sku=\"B0G545MF93\" data-price=\"22.05\" rel=\"nofollow noopener\" class=\"wp-block-button__link  add_to_cart_button\" target=\"_blank\">Kup produkt<\/a><\/div>\n\t\t\t<\/li><\/ul><\/div><\/div>\n<\/div>\n","protected":false},"excerpt":{"rendered":"","protected":false},"author":1,"featured_media":0,"parent":0,"menu_order":0,"comment_status":"closed","ping_status":"closed","template":"","meta":{"ocean_post_layout":"","ocean_both_sidebars_style":"","ocean_both_sidebars_content_width":0,"ocean_both_sidebars_sidebars_width":0,"ocean_sidebar":"","ocean_second_sidebar":"","ocean_disable_margins":"enable","ocean_add_body_class":"","ocean_shortcode_before_top_bar":"","ocean_shortcode_after_top_bar":"","ocean_shortcode_before_header":"","ocean_shortcode_after_header":"","ocean_has_shortcode":"","ocean_shortcode_after_title":"","ocean_shortcode_before_footer_widgets":"","ocean_shortcode_after_footer_widgets":"","ocean_shortcode_before_footer_bottom":"","ocean_shortcode_after_footer_bottom":"","ocean_display_top_bar":"default","ocean_display_header":"default","ocean_header_style":"","ocean_center_header_left_menu":"","ocean_custom_header_template":"","ocean_custom_logo":0,"ocean_custom_retina_logo":0,"ocean_custom_logo_max_width":0,"ocean_custom_logo_tablet_max_width":0,"ocean_custom_logo_mobile_max_width":0,"ocean_custom_logo_max_height":0,"ocean_custom_logo_tablet_max_height":0,"ocean_custom_logo_mobile_max_height":0,"ocean_header_custom_menu":"","ocean_menu_typo_font_family":"","ocean_menu_typo_font_subset":"","ocean_menu_typo_font_size":0,"ocean_menu_typo_font_size_tablet":0,"ocean_menu_typo_font_size_mobile":0,"ocean_menu_typo_font_size_unit":"px","ocean_menu_typo_font_weight":"","ocean_menu_typo_font_weight_tablet":"","ocean_menu_typo_font_weight_mobile":"","ocean_menu_typo_transform":"","ocean_menu_typo_transform_tablet":"","ocean_menu_typo_transform_mobile":"","ocean_menu_typo_line_height":0,"ocean_menu_typo_line_height_tablet":0,"ocean_menu_typo_line_height_mobile":0,"ocean_menu_typo_line_height_unit":"","ocean_menu_typo_spacing":0,"ocean_menu_typo_spacing_tablet":0,"ocean_menu_typo_spacing_mobile":0,"ocean_menu_typo_spacing_unit":"","ocean_menu_link_color":"","ocean_menu_link_color_hover":"","ocean_menu_link_color_active":"","ocean_menu_link_background":"","ocean_menu_link_hover_background":"","ocean_menu_link_active_background":"","ocean_menu_social_links_bg":"","ocean_menu_social_hover_links_bg":"","ocean_menu_social_links_color":"","ocean_menu_social_hover_links_color":"","ocean_disable_title":"default","ocean_disable_heading":"default","ocean_post_title":"","ocean_post_subheading":"","ocean_post_title_style":"","ocean_post_title_background_color":"","ocean_post_title_background":0,"ocean_post_title_bg_image_position":"","ocean_post_title_bg_image_attachment":"","ocean_post_title_bg_image_repeat":"","ocean_post_title_bg_image_size":"","ocean_post_title_height":0,"ocean_post_title_bg_overlay":0.5,"ocean_post_title_bg_overlay_color":"","ocean_disable_breadcrumbs":"default","ocean_breadcrumbs_color":"","ocean_breadcrumbs_separator_color":"","ocean_breadcrumbs_links_color":"","ocean_breadcrumbs_links_hover_color":"","ocean_display_footer_widgets":"default","ocean_display_footer_bottom":"default","ocean_custom_footer_template":"","footnotes":""},"class_list":["post-8","page","type-page","status-publish","hentry","entry","owp-thumbs-layout-horizontal","owp-btn-normal","owp-tabs-layout-horizontal","has-no-thumbnails","has-product-nav"],"jetpack_sharing_enabled":true,"_links":{"self":[{"href":"https:\/\/cyberskills.pl\/index.php?rest_route=\/wp\/v2\/pages\/8","targetHints":{"allow":["GET"]}}],"collection":[{"href":"https:\/\/cyberskills.pl\/index.php?rest_route=\/wp\/v2\/pages"}],"about":[{"href":"https:\/\/cyberskills.pl\/index.php?rest_route=\/wp\/v2\/types\/page"}],"author":[{"embeddable":true,"href":"https:\/\/cyberskills.pl\/index.php?rest_route=\/wp\/v2\/users\/1"}],"replies":[{"embeddable":true,"href":"https:\/\/cyberskills.pl\/index.php?rest_route=%2Fwp%2Fv2%2Fcomments&post=8"}],"version-history":[{"count":1,"href":"https:\/\/cyberskills.pl\/index.php?rest_route=\/wp\/v2\/pages\/8\/revisions"}],"predecessor-version":[{"id":60,"href":"https:\/\/cyberskills.pl\/index.php?rest_route=\/wp\/v2\/pages\/8\/revisions\/60"}],"wp:attachment":[{"href":"https:\/\/cyberskills.pl\/index.php?rest_route=%2Fwp%2Fv2%2Fmedia&parent=8"}],"curies":[{"name":"wp","href":"https:\/\/api.w.org\/{rel}","templated":true}]}}