{"id":152,"date":"2025-10-11T10:52:15","date_gmt":"2025-10-11T10:52:15","guid":{"rendered":"https:\/\/cyberskills.pl\/?post_type=product&#038;p=152"},"modified":"2025-10-11T15:20:52","modified_gmt":"2025-10-11T15:20:52","slug":"every-innovation-starts-with-an-idea-every-idea-begins-with-a-note","status":"publish","type":"product","link":"https:\/\/cyberskills.pl\/?product=every-innovation-starts-with-an-idea-every-idea-begins-with-a-note","title":{"rendered":"Every Innovation Starts With An Idea Every Idea Begins With A Note"},"content":{"rendered":"<p>Start every day with inspiration! This motivational notebook with the empowering quote \u201cEvery Innovation Starts With An Idea Every Idea Begins With A Note\u201d is perfect for anyone who wants to stay focused, positive, and productive. Whether you use it for journaling, planning, or taking notes, this notebook will remind you that every day is a new chance to move forward and achieve your goals.<\/p>\n<p>Details:<br \/>\n-Inspiring cover design with motivational quote<br \/>\n-Handy size \u2013 easy to carry anywhere<br \/>\n-Grid pages for notes, ideas or reflections<br \/>\n-Perfect for students, professionals, or personal use<br \/>\n-Great as a gift for friends and loved ones<br \/>\n-Take the first step today \u2014 because success begins with the decision to start!<\/p>\n<p>Check my other notebooks and find the perfect one that will suit you, or would be ideal for that special gift for a loved one. My books carry a range of different notebooks and you will undoubtedly find the right one for you by checking through our different and exciting graphic options.<\/p>\n","protected":false},"excerpt":{"rendered":"<p>Zacznij ka\u017cdy dzie\u0144 z inspiracj\u0105! Ten motywuj\u0105cy notatnik z inspiruj\u0105cym cytatem \u201eKa\u017cda innowacja zaczyna si\u0119 od pomys\u0142u, ka\u017cdy pomys\u0142 zaczyna si\u0119 od notatki\u201d jest idealny dla ka\u017cdego, kto chce zachowa\u0107 koncentracj\u0119, pozytywne nastawienie i produktywno\u015b\u0107. Niezale\u017cnie od tego, czy u\u017cywasz go do prowadzenia dziennika, planowania, czy robienia notatek, ten notatnik przypomni Ci, \u017ce ka\u017cdy dzie\u0144 to nowa szansa na rozw\u00f3j i osi\u0105gni\u0119cie cel\u00f3w.<\/p>\n<p>Szczeg\u00f3\u0142y:<br \/>\n&#8211; Inspiruj\u0105ca ok\u0142adka z motywuj\u0105cym cytatem<br \/>\n&#8211; Por\u0119czny format \u2013 \u0142atwy do noszenia wsz\u0119dzie<br \/>\n&#8211; Strony w kratk\u0119 na notatki, pomys\u0142y lub refleksje<br \/>\n&#8211; Idealny dla student\u00f3w, profesjonalist\u00f3w lub do u\u017cytku osobistego<br \/>\n&#8211; \u015awietny prezent dla przyjaci\u00f3\u0142 i bliskich<br \/>\n&#8211; Zr\u00f3b pierwszy krok ju\u017c dzi\u015b \u2013 bo sukces zaczyna si\u0119 od decyzji o rozpocz\u0119ciu!<\/p>\n<p>Sprawd\u017a moje inne notatniki i znajd\u017a idealny dla siebie lub idealny prezent dla bliskiej osoby. W moich ksi\u0105\u017ckach znajdziesz szeroki wyb\u00f3r notatnik\u00f3w, a z pewno\u015bci\u0105 znajdziesz ten idealny dla siebie, przegl\u0105daj\u0105c nasze r\u00f3\u017cnorodne i ekscytuj\u0105ce opcje graficzne.<\/p>\n","protected":false},"featured_media":153,"comment_status":"open","ping_status":"closed","template":"","meta":{"ocean_post_layout":"","ocean_both_sidebars_style":"","ocean_both_sidebars_content_width":0,"ocean_both_sidebars_sidebars_width":0,"ocean_sidebar":"0","ocean_second_sidebar":"0","ocean_disable_margins":"enable","ocean_add_body_class":"","ocean_shortcode_before_top_bar":"","ocean_shortcode_after_top_bar":"","ocean_shortcode_before_header":"","ocean_shortcode_after_header":"","ocean_has_shortcode":"","ocean_shortcode_after_title":"","ocean_shortcode_before_footer_widgets":"","ocean_shortcode_after_footer_widgets":"","ocean_shortcode_before_footer_bottom":"","ocean_shortcode_after_footer_bottom":"","ocean_display_top_bar":"default","ocean_display_header":"default","ocean_header_style":"","ocean_center_header_left_menu":"0","ocean_custom_header_template":"0","ocean_custom_logo":0,"ocean_custom_retina_logo":0,"ocean_custom_logo_max_width":0,"ocean_custom_logo_tablet_max_width":0,"ocean_custom_logo_mobile_max_width":0,"ocean_custom_logo_max_height":0,"ocean_custom_logo_tablet_max_height":0,"ocean_custom_logo_mobile_max_height":0,"ocean_header_custom_menu":"0","ocean_menu_typo_font_family":"0","ocean_menu_typo_font_subset":"","ocean_menu_typo_font_size":0,"ocean_menu_typo_font_size_tablet":0,"ocean_menu_typo_font_size_mobile":0,"ocean_menu_typo_font_size_unit":"px","ocean_menu_typo_font_weight":"","ocean_menu_typo_font_weight_tablet":"","ocean_menu_typo_font_weight_mobile":"","ocean_menu_typo_transform":"","ocean_menu_typo_transform_tablet":"","ocean_menu_typo_transform_mobile":"","ocean_menu_typo_line_height":0,"ocean_menu_typo_line_height_tablet":0,"ocean_menu_typo_line_height_mobile":0,"ocean_menu_typo_line_height_unit":"","ocean_menu_typo_spacing":0,"ocean_menu_typo_spacing_tablet":0,"ocean_menu_typo_spacing_mobile":0,"ocean_menu_typo_spacing_unit":"","ocean_menu_link_color":"","ocean_menu_link_color_hover":"","ocean_menu_link_color_active":"","ocean_menu_link_background":"","ocean_menu_link_hover_background":"","ocean_menu_link_active_background":"","ocean_menu_social_links_bg":"","ocean_menu_social_hover_links_bg":"","ocean_menu_social_links_color":"","ocean_menu_social_hover_links_color":"","ocean_disable_title":"default","ocean_disable_heading":"default","ocean_post_title":"","ocean_post_subheading":"","ocean_post_title_style":"","ocean_post_title_background_color":"","ocean_post_title_background":0,"ocean_post_title_bg_image_position":"","ocean_post_title_bg_image_attachment":"","ocean_post_title_bg_image_repeat":"","ocean_post_title_bg_image_size":"","ocean_post_title_height":0,"ocean_post_title_bg_overlay":0.5,"ocean_post_title_bg_overlay_color":"","ocean_disable_breadcrumbs":"default","ocean_breadcrumbs_color":"","ocean_breadcrumbs_separator_color":"","ocean_breadcrumbs_links_color":"","ocean_breadcrumbs_links_hover_color":"","ocean_display_footer_widgets":"default","ocean_display_footer_bottom":"default","ocean_custom_footer_template":"0"},"product_brand":[19],"product_cat":[16],"product_tag":[150,188,195,191,189,185,169,192,183,182,186,184,190,205,92,108,139,159,197,198,151,124,107,74,93,203,196,157,201,199,110,96,200,187,193,194,202,204,144],"class_list":{"0":"post-152","1":"product","2":"type-product","3":"status-publish","4":"has-post-thumbnail","6":"product_brand-amazon-kindle-direct-publishing","7":"product_cat-zeszyty-motywacyjne","8":"product_tag-afirmacja","9":"product_tag-brainstorming-notes","10":"product_tag-business-notebook","11":"product_tag-creative-journal","12":"product_tag-creative-mindset","13":"product_tag-creative-thinking","14":"product_tag-cytat-na-okladce","15":"product_tag-entrepreneur-gift","16":"product_tag-every-idea-begins-with-a-note","17":"product_tag-every-innovation-starts-with-an-idea","18":"product_tag-idea-notebook","19":"product_tag-innovation-journal","20":"product_tag-innovation-planner","21":"product_tag-innowacja","22":"product_tag-inspiracja","23":"product_tag-inspiration-journal","24":"product_tag-inspirational-stationery","25":"product_tag-inspirujacy-zeszyt","26":"product_tag-kazda-innowacja-zaczyna-sie-od-idei","27":"product_tag-kreatywne-myslenie","28":"product_tag-mindset","29":"product_tag-mindset-notebook","30":"product_tag-motivational-notebook","31":"product_tag-motivational-quote","32":"product_tag-motywacja","33":"product_tag-notatnik-dla-przedsiebiorcy","34":"product_tag-notatnik-na-pomysly","35":"product_tag-notatnik-z-cytatem","36":"product_tag-planer","37":"product_tag-pomysly","38":"product_tag-productivity-notebook","39":"product_tag-rozwoj-osobisty","40":"product_tag-startup","41":"product_tag-startup-mindset","42":"product_tag-think-big","43":"product_tag-write-your-ideas","44":"product_tag-zeszyt-do-notatek","45":"product_tag-zeszyt-kreatywny","46":"product_tag-zeszyt-motywacyjny","48":"entry","49":"has-media","51":"first","52":"instock","53":"shipping-taxable","54":"product-type-external","55":"has-product-nav","56":"col","57":"span_1_of_3","58":"owp-content-center","59":"owp-thumbs-layout-horizontal","60":"owp-btn-normal","61":"owp-tabs-layout-horizontal","62":"has-no-thumbnails"},"jetpack_sharing_enabled":true,"_links":{"self":[{"href":"https:\/\/cyberskills.pl\/index.php?rest_route=\/wp\/v2\/product\/152","targetHints":{"allow":["GET"]}}],"collection":[{"href":"https:\/\/cyberskills.pl\/index.php?rest_route=\/wp\/v2\/product"}],"about":[{"href":"https:\/\/cyberskills.pl\/index.php?rest_route=\/wp\/v2\/types\/product"}],"replies":[{"embeddable":true,"href":"https:\/\/cyberskills.pl\/index.php?rest_route=%2Fwp%2Fv2%2Fcomments&post=152"}],"wp:featuredmedia":[{"embeddable":true,"href":"https:\/\/cyberskills.pl\/index.php?rest_route=\/wp\/v2\/media\/153"}],"wp:attachment":[{"href":"https:\/\/cyberskills.pl\/index.php?rest_route=%2Fwp%2Fv2%2Fmedia&parent=152"}],"wp:term":[{"taxonomy":"product_brand","embeddable":true,"href":"https:\/\/cyberskills.pl\/index.php?rest_route=%2Fwp%2Fv2%2Fproduct_brand&post=152"},{"taxonomy":"product_cat","embeddable":true,"href":"https:\/\/cyberskills.pl\/index.php?rest_route=%2Fwp%2Fv2%2Fproduct_cat&post=152"},{"taxonomy":"product_tag","embeddable":true,"href":"https:\/\/cyberskills.pl\/index.php?rest_route=%2Fwp%2Fv2%2Fproduct_tag&post=152"}],"curies":[{"name":"wp","href":"https:\/\/api.w.org\/{rel}","templated":true}]}}