{"id":154,"date":"2025-10-11T14:01:18","date_gmt":"2025-10-11T14:01:18","guid":{"rendered":"https:\/\/cyberskills.pl\/?post_type=product&#038;p=154"},"modified":"2025-10-11T15:10:59","modified_gmt":"2025-10-11T15:10:59","slug":"mindset-is-everything-t-shirt","status":"publish","type":"product","link":"https:\/\/cyberskills.pl\/?product=mindset-is-everything-t-shirt","title":{"rendered":"Mindset Is Everything T-Shirt"},"content":{"rendered":"<p>Success starts in your mind. This collection is a daily reminder that attitude shapes reality. Whether it\u2019s a T-shirt, hoodie, mug, or cap \u2013 each item carries a simple but powerful message: your mindset defines your journey. Wear it, use it, live it \u2013 and inspire others to think positively, act boldly, and never give up. Perfect for those who believe in personal growth, motivation, and the power of positive thinking.<\/p>\n","protected":false},"excerpt":{"rendered":"<p>Sukces zaczyna si\u0119 w Twoim umy\u015ble. Ta kolekcja to codzienne przypomnienie, \u017ce nastawienie kszta\u0142tuje rzeczywisto\u015b\u0107. Niezale\u017cnie od tego, czy to koszulka, bluza z kapturem, kubek czy czapka \u2013 ka\u017cdy element niesie ze sob\u0105 prosty, ale mocny przekaz: Twoje nastawienie definiuje Twoj\u0105 drog\u0119. No\u015b je, u\u017cywaj, \u017cyj nim \u2013 i inspiruj innych do pozytywnego my\u015blenia, odwa\u017cnego dzia\u0142ania i nigdy si\u0119 nie poddawania. Idealne dla tych, kt\u00f3rzy wierz\u0105 w rozw\u00f3j osobisty, motywacj\u0119 i si\u0142\u0119 pozytywnego my\u015blenia.<\/p>\n","protected":false},"featured_media":155,"comment_status":"open","ping_status":"closed","template":"","meta":{"ocean_post_layout":"","ocean_both_sidebars_style":"","ocean_both_sidebars_content_width":0,"ocean_both_sidebars_sidebars_width":0,"ocean_sidebar":"0","ocean_second_sidebar":"0","ocean_disable_margins":"enable","ocean_add_body_class":"","ocean_shortcode_before_top_bar":"","ocean_shortcode_after_top_bar":"","ocean_shortcode_before_header":"","ocean_shortcode_after_header":"","ocean_has_shortcode":"","ocean_shortcode_after_title":"","ocean_shortcode_before_footer_widgets":"","ocean_shortcode_after_footer_widgets":"","ocean_shortcode_before_footer_bottom":"","ocean_shortcode_after_footer_bottom":"","ocean_display_top_bar":"default","ocean_display_header":"default","ocean_header_style":"","ocean_center_header_left_menu":"0","ocean_custom_header_template":"0","ocean_custom_logo":0,"ocean_custom_retina_logo":0,"ocean_custom_logo_max_width":0,"ocean_custom_logo_tablet_max_width":0,"ocean_custom_logo_mobile_max_width":0,"ocean_custom_logo_max_height":0,"ocean_custom_logo_tablet_max_height":0,"ocean_custom_logo_mobile_max_height":0,"ocean_header_custom_menu":"0","ocean_menu_typo_font_family":"0","ocean_menu_typo_font_subset":"","ocean_menu_typo_font_size":0,"ocean_menu_typo_font_size_tablet":0,"ocean_menu_typo_font_size_mobile":0,"ocean_menu_typo_font_size_unit":"px","ocean_menu_typo_font_weight":"","ocean_menu_typo_font_weight_tablet":"","ocean_menu_typo_font_weight_mobile":"","ocean_menu_typo_transform":"","ocean_menu_typo_transform_tablet":"","ocean_menu_typo_transform_mobile":"","ocean_menu_typo_line_height":0,"ocean_menu_typo_line_height_tablet":0,"ocean_menu_typo_line_height_mobile":0,"ocean_menu_typo_line_height_unit":"","ocean_menu_typo_spacing":0,"ocean_menu_typo_spacing_tablet":0,"ocean_menu_typo_spacing_mobile":0,"ocean_menu_typo_spacing_unit":"","ocean_menu_link_color":"","ocean_menu_link_color_hover":"","ocean_menu_link_color_active":"","ocean_menu_link_background":"","ocean_menu_link_hover_background":"","ocean_menu_link_active_background":"","ocean_menu_social_links_bg":"","ocean_menu_social_hover_links_bg":"","ocean_menu_social_links_color":"","ocean_menu_social_hover_links_color":"","ocean_disable_title":"default","ocean_disable_heading":"default","ocean_post_title":"","ocean_post_subheading":"","ocean_post_title_style":"","ocean_post_title_background_color":"","ocean_post_title_background":0,"ocean_post_title_bg_image_position":"","ocean_post_title_bg_image_attachment":"","ocean_post_title_bg_image_repeat":"","ocean_post_title_bg_image_size":"","ocean_post_title_height":0,"ocean_post_title_bg_overlay":0.5,"ocean_post_title_bg_overlay_color":"","ocean_disable_breadcrumbs":"default","ocean_breadcrumbs_color":"","ocean_breadcrumbs_separator_color":"","ocean_breadcrumbs_links_color":"","ocean_breadcrumbs_links_hover_color":"","ocean_display_footer_widgets":"default","ocean_display_footer_bottom":"default","ocean_custom_footer_template":"0"},"product_brand":[22],"product_cat":[17],"product_tag":[84,91,97,76,103,86,77,92,72,79,101,89,99,83,80,69,105,87,88,98,85,81,74,70,93,71,78,102,90,100,96,75,95,104,73,94,82],"class_list":{"0":"post-154","1":"product","2":"type-product","3":"status-publish","4":"has-post-thumbnail","6":"product_brand-teepublic","7":"product_cat-koszulki","8":"product_tag-confidence-tee","9":"product_tag-cytat-mindset","10":"product_tag-cytat-na-koszulce","11":"product_tag-daily-motivation","12":"product_tag-determinacja","13":"product_tag-empowerment","14":"product_tag-growth-mindset","15":"product_tag-inspiracja","16":"product_tag-inspiration-shirt","17":"product_tag-inspirational-clothing","18":"product_tag-inspirujaca-koszulka","19":"product_tag-koszulka-motywacyjna","20":"product_tag-koszulka-z-napisem","21":"product_tag-mental-strength","22":"product_tag-mindset-apparel","23":"product_tag-mindset-is-everything","24":"product_tag-mindset-is-everything-koszulka","25":"product_tag-mindset-quote-shirt","26":"product_tag-minimalist-design","27":"product_tag-moda-z-przeslaniem","28":"product_tag-motivation-lover","29":"product_tag-motivational-gift","30":"product_tag-motivational-quote","31":"product_tag-motivational-t-shirt","32":"product_tag-motywacja","33":"product_tag-positive-mindset","34":"product_tag-positive-thinking","35":"product_tag-pozytywne-myslenie","36":"product_tag-pozytywne-nastawienie","37":"product_tag-prezent-motywacyjny","38":"product_tag-rozwoj-osobisty","39":"product_tag-self-improvement","40":"product_tag-sila-umyslu","41":"product_tag-styl-lifestyle","42":"product_tag-success-mindset","43":"product_tag-sukces","44":"product_tag-uplifting-t-shirt","46":"entry","47":"has-media","49":"first","50":"instock","51":"shipping-taxable","52":"product-type-external","53":"has-product-nav","54":"col","55":"span_1_of_3","56":"owp-content-center","57":"owp-thumbs-layout-horizontal","58":"owp-btn-normal","59":"owp-tabs-layout-horizontal","60":"has-no-thumbnails"},"jetpack_sharing_enabled":true,"_links":{"self":[{"href":"https:\/\/cyberskills.pl\/index.php?rest_route=\/wp\/v2\/product\/154","targetHints":{"allow":["GET"]}}],"collection":[{"href":"https:\/\/cyberskills.pl\/index.php?rest_route=\/wp\/v2\/product"}],"about":[{"href":"https:\/\/cyberskills.pl\/index.php?rest_route=\/wp\/v2\/types\/product"}],"replies":[{"embeddable":true,"href":"https:\/\/cyberskills.pl\/index.php?rest_route=%2Fwp%2Fv2%2Fcomments&post=154"}],"wp:featuredmedia":[{"embeddable":true,"href":"https:\/\/cyberskills.pl\/index.php?rest_route=\/wp\/v2\/media\/155"}],"wp:attachment":[{"href":"https:\/\/cyberskills.pl\/index.php?rest_route=%2Fwp%2Fv2%2Fmedia&parent=154"}],"wp:term":[{"taxonomy":"product_brand","embeddable":true,"href":"https:\/\/cyberskills.pl\/index.php?rest_route=%2Fwp%2Fv2%2Fproduct_brand&post=154"},{"taxonomy":"product_cat","embeddable":true,"href":"https:\/\/cyberskills.pl\/index.php?rest_route=%2Fwp%2Fv2%2Fproduct_cat&post=154"},{"taxonomy":"product_tag","embeddable":true,"href":"https:\/\/cyberskills.pl\/index.php?rest_route=%2Fwp%2Fv2%2Fproduct_tag&post=154"}],"curies":[{"name":"wp","href":"https:\/\/api.w.org\/{rel}","templated":true}]}}