{"id":267,"date":"2026-01-22T03:26:25","date_gmt":"2026-01-22T03:26:25","guid":{"rendered":"https:\/\/cyberskills.pl\/?post_type=product&#038;p=267"},"modified":"2026-01-22T16:01:13","modified_gmt":"2026-01-22T16:01:13","slug":"mikrotik-tunel-eoip-przez-wireguard-vpn-praktyczny-przewodnik-pdf-routeros-v7","status":"publish","type":"product","link":"https:\/\/cyberskills.pl\/?product=mikrotik-tunel-eoip-przez-wireguard-vpn-praktyczny-przewodnik-pdf-routeros-v7","title":{"rendered":"MikroTik: Tunel EoIP przez WireGuard VPN \u2013 Praktyczny Przewodnik PDF (RouterOS v7)"},"content":{"rendered":"<p data-path-to-node=\"8\"><b data-path-to-node=\"8\" data-index-in-node=\"0\">Zrewolucjonizuj spos\u00f3b \u0142\u0105czenia oddzia\u0142\u00f3w swojej firmy dzi\u0119ki pot\u0119dze MikroTik i WireGuard!<\/b><\/p>\n<p data-path-to-node=\"9\">\u0141\u0105czenie sieci lokalnych (LAN) przez internet cz\u0119sto wi\u0105\u017ce si\u0119 z kompromisami mi\u0119dzy wydajno\u015bci\u0105 a bezpiecze\u0144stwem. Ten ebook rozwi\u0105zuje ten problem, prezentuj\u0105c najskuteczniejsz\u0105 metod\u0119: <b data-path-to-node=\"9\" data-index-in-node=\"188\">Tunel EoIP (Ethernet over IP) zestawiony nad szyfrowanym po\u0142\u0105czeniem WireGuard VPN.<\/b><\/p>\n<p data-path-to-node=\"10\">Dzi\u0119ki temu rozwi\u0105zaniu Twoje urz\u0105dzenia w r\u00f3\u017cnych lokalizacjach b\u0119d\u0105 widzia\u0142y si\u0119 tak, jakby by\u0142y pod\u0142\u0105czone do jednego prze\u0142\u0105cznika (L2), korzystaj\u0105c jednocze\u015bnie z najszybszego i najbezpieczniejszego protoko\u0142u VPN dost\u0119pnego w systemie RouterOS v7.<\/p>\n<p data-path-to-node=\"11\"><b data-path-to-node=\"11\" data-index-in-node=\"0\">Co zyskasz dzi\u0119ki temu poradnikowi?<\/b><\/p>\n<ul data-path-to-node=\"12\">\n<li>\n<p data-path-to-node=\"12,0,0\"><b data-path-to-node=\"12,0,0\" data-index-in-node=\"0\">Bezpiecze\u0144stwo:<\/b> Wykorzystasz nowoczesn\u0105 kryptografi\u0119 WireGuard.<\/p>\n<\/li>\n<li>\n<p data-path-to-node=\"12,1,0\"><b data-path-to-node=\"12,1,0\" data-index-in-node=\"0\">Transparentno\u015b\u0107 L2:<\/b> Prze\u015blesz ruch nietagowany i tagowany (VLAN) mi\u0119dzy lokalizacjami.<\/p>\n<\/li>\n<li>\n<p data-path-to-node=\"12,2,0\"><b data-path-to-node=\"12,2,0\" data-index-in-node=\"0\">Wydajno\u015b\u0107:<\/b> WireGuard jest znacznie l\u017cejszy dla procesora ni\u017c IPsec czy OpenVPN.<\/p>\n<\/li>\n<li>\n<p data-path-to-node=\"12,3,0\"><b data-path-to-node=\"12,3,0\" data-index-in-node=\"0\">Praktyczna wiedza:<\/b> \u017badnej zb\u0119dnej teorii \u2013 sama konfiguracja &#8222;krok po kroku&#8221; na bazie rzeczywistych przyk\u0142ad\u00f3w.<\/p>\n<\/li>\n<\/ul>\n<p data-path-to-node=\"13\"><b data-path-to-node=\"13\" data-index-in-node=\"0\">Spis Tre\u015bci:<\/b><\/p>\n<ol start=\"1\" data-path-to-node=\"14\">\n<li>\n<p data-path-to-node=\"14,0,0\"><b data-path-to-node=\"14,0,0\" data-index-in-node=\"0\">Wprowadzenie<\/b> \u2013 Dlaczego warto wybra\u0107 po\u0142\u0105czenie EoIP + WireGuard?<\/p>\n<\/li>\n<li>\n<p data-path-to-node=\"14,1,0\"><b data-path-to-node=\"14,1,0\" data-index-in-node=\"0\">Wymagania i przygotowanie \u015brodowiska<\/b> \u2013 Co musisz mie\u0107 przed startem.<\/p>\n<\/li>\n<li>\n<p data-path-to-node=\"14,2,0\"><b data-path-to-node=\"14,2,0\" data-index-in-node=\"0\">Konfiguracja interfejsu WireGuard<\/b><\/p>\n<ul data-path-to-node=\"14,2,1\">\n<li>\n<p data-path-to-node=\"14,2,1,0,0\">3.1. Konfiguracja na urz\u0105dzeniu WG-MASTER.<\/p>\n<\/li>\n<li>\n<p data-path-to-node=\"14,2,1,1,0\">3.2. Adresacja IP dla interfejsu master.<\/p>\n<\/li>\n<li>\n<p data-path-to-node=\"14,2,1,2,0\">3.3. Konfiguracja na urz\u0105dzeniu WG-SLAVE.<\/p>\n<\/li>\n<\/ul>\n<\/li>\n<li>\n<p data-path-to-node=\"14,3,0\"><b data-path-to-node=\"14,3,0\" data-index-in-node=\"0\">Konfiguracja Peer\u00f3w<\/b> \u2013 Klucz do bezpiecznej komunikacji mi\u0119dzy routerami.<\/p>\n<\/li>\n<li>\n<p data-path-to-node=\"14,4,0\"><b data-path-to-node=\"14,4,0\" data-index-in-node=\"0\">Testowanie po\u0142\u0105czenia WireGuard<\/b> \u2013 Jak upewni\u0107 si\u0119, \u017ce VPN dzia\u0142a poprawnie.<\/p>\n<\/li>\n<li>\n<p data-path-to-node=\"14,5,0\"><b data-path-to-node=\"14,5,0\" data-index-in-node=\"0\">Konfiguracja tunelu EoIP<\/b><\/p>\n<ul data-path-to-node=\"14,5,1\">\n<li>\n<p data-path-to-node=\"14,5,1,0,0\">6.1. Tworzenie tunelu na urz\u0105dzeniu Master.<\/p>\n<\/li>\n<li>\n<p data-path-to-node=\"14,5,1,1,0\">6.2. Adresacja IP i spi\u0119cie z mostkiem (Bridge).<\/p>\n<\/li>\n<\/ul>\n<\/li>\n<li>\n<p data-path-to-node=\"14,6,0\"><b data-path-to-node=\"14,6,0\" data-index-in-node=\"0\">Dobre praktyki i diagnostyka<\/b> \u2013 Backup, bezpiecze\u0144stwo i troubleshooting.<\/p>\n<\/li>\n<\/ol>\n<p data-path-to-node=\"15\"><b data-path-to-node=\"15\" data-index-in-node=\"0\">Dla kogo jest ten ebook?<\/b> Dla administrator\u00f3w sieci, pasjonat\u00f3w MikroTik oraz os\u00f3b odpowiedzialnych za infrastruktur\u0119 IT w firmach wielooddzia\u0142owych. Przewodnik oparty jest na wersji systemu RouterOS v7.21+.<\/p>\n","protected":false},"excerpt":{"rendered":"<p>Chcesz bezpiecznie po\u0142\u0105czy\u0107 dwie lokalizacje w warstwie Layer 2 (L2)? Dowiedz si\u0119, jak wykorzysta\u0107 nowoczesny protok\u00f3\u0142 WireGuard do stworzenia wydajnego tunelu EoIP na urz\u0105dzeniach MikroTik. Ten konkretny przewodnik krok po kroku przeprowadzi Ci\u0119 przez proces konfiguracji \u2013 od zera do dzia\u0142aj\u0105cego po\u0142\u0105czenia. Idealny dla administrator\u00f3w szukaj\u0105cych stabilno\u015bci i bezpiecze\u0144stwa.<\/p>\n<p>Looking for a rock-solid Layer 2 connection between sites? Learn how to combine the speed of WireGuard with the flexibility of EoIP on MikroTik devices. This practical guide provides a complete configuration walkthrough to get your L2 bridge up and running over a secure VPN.<\/p>\n","protected":false},"featured_media":271,"comment_status":"open","ping_status":"closed","template":"","meta":{"ocean_post_layout":"","ocean_both_sidebars_style":"","ocean_both_sidebars_content_width":0,"ocean_both_sidebars_sidebars_width":0,"ocean_sidebar":"0","ocean_second_sidebar":"0","ocean_disable_margins":"enable","ocean_add_body_class":"","ocean_shortcode_before_top_bar":"","ocean_shortcode_after_top_bar":"","ocean_shortcode_before_header":"","ocean_shortcode_after_header":"","ocean_has_shortcode":"","ocean_shortcode_after_title":"","ocean_shortcode_before_footer_widgets":"","ocean_shortcode_after_footer_widgets":"","ocean_shortcode_before_footer_bottom":"","ocean_shortcode_after_footer_bottom":"","ocean_display_top_bar":"default","ocean_display_header":"default","ocean_header_style":"","ocean_center_header_left_menu":"0","ocean_custom_header_template":"0","ocean_custom_logo":0,"ocean_custom_retina_logo":0,"ocean_custom_logo_max_width":0,"ocean_custom_logo_tablet_max_width":0,"ocean_custom_logo_mobile_max_width":0,"ocean_custom_logo_max_height":0,"ocean_custom_logo_tablet_max_height":0,"ocean_custom_logo_mobile_max_height":0,"ocean_header_custom_menu":"0","ocean_menu_typo_font_family":"0","ocean_menu_typo_font_subset":"","ocean_menu_typo_font_size":0,"ocean_menu_typo_font_size_tablet":0,"ocean_menu_typo_font_size_mobile":0,"ocean_menu_typo_font_size_unit":"px","ocean_menu_typo_font_weight":"","ocean_menu_typo_font_weight_tablet":"","ocean_menu_typo_font_weight_mobile":"","ocean_menu_typo_transform":"","ocean_menu_typo_transform_tablet":"","ocean_menu_typo_transform_mobile":"","ocean_menu_typo_line_height":0,"ocean_menu_typo_line_height_tablet":0,"ocean_menu_typo_line_height_mobile":0,"ocean_menu_typo_line_height_unit":"","ocean_menu_typo_spacing":0,"ocean_menu_typo_spacing_tablet":0,"ocean_menu_typo_spacing_mobile":0,"ocean_menu_typo_spacing_unit":"","ocean_menu_link_color":"","ocean_menu_link_color_hover":"","ocean_menu_link_color_active":"","ocean_menu_link_background":"","ocean_menu_link_hover_background":"","ocean_menu_link_active_background":"","ocean_menu_social_links_bg":"","ocean_menu_social_hover_links_bg":"","ocean_menu_social_links_color":"","ocean_menu_social_hover_links_color":"","ocean_disable_title":"default","ocean_disable_heading":"default","ocean_post_title":"","ocean_post_subheading":"","ocean_post_title_style":"","ocean_post_title_background_color":"","ocean_post_title_background":0,"ocean_post_title_bg_image_position":"","ocean_post_title_bg_image_attachment":"","ocean_post_title_bg_image_repeat":"","ocean_post_title_bg_image_size":"","ocean_post_title_height":0,"ocean_post_title_bg_overlay":0.5,"ocean_post_title_bg_overlay_color":"","ocean_disable_breadcrumbs":"default","ocean_breadcrumbs_color":"","ocean_breadcrumbs_separator_color":"","ocean_breadcrumbs_links_color":"","ocean_breadcrumbs_links_hover_color":"","ocean_display_footer_widgets":"default","ocean_display_footer_bottom":"default","ocean_custom_footer_template":"0"},"product_brand":[21],"product_cat":[18],"product_tag":[231,225,232,229,24,228,233,230,226,227],"class_list":{"0":"post-267","1":"product","2":"type-product","3":"status-publish","4":"has-post-thumbnail","6":"product_brand-pgkomp-pl","7":"product_cat-e-book","8":"product_tag-cyberbezpieczenstwo","9":"product_tag-mikrotik-wireguard-eoip","10":"product_tag-networking","11":"product_tag-poradnik-pdf-layer-2","12":"product_tag-routeros","13":"product_tag-sieci-komputerowe","14":"product_tag-site-to-site","15":"product_tag-tunnel","16":"product_tag-v7","17":"product_tag-vpn","19":"entry","20":"has-media","22":"first","23":"instock","24":"shipping-taxable","25":"purchasable","26":"product-type-variable","27":"has-default-attributes","28":"has-product-nav","29":"col","30":"span_1_of_3","31":"owp-content-center","32":"owp-thumbs-layout-horizontal","33":"owp-btn-normal","34":"owp-tabs-layout-horizontal","35":"has-no-thumbnails"},"jetpack_sharing_enabled":true,"_links":{"self":[{"href":"https:\/\/cyberskills.pl\/index.php?rest_route=\/wp\/v2\/product\/267","targetHints":{"allow":["GET"]}}],"collection":[{"href":"https:\/\/cyberskills.pl\/index.php?rest_route=\/wp\/v2\/product"}],"about":[{"href":"https:\/\/cyberskills.pl\/index.php?rest_route=\/wp\/v2\/types\/product"}],"replies":[{"embeddable":true,"href":"https:\/\/cyberskills.pl\/index.php?rest_route=%2Fwp%2Fv2%2Fcomments&post=267"}],"wp:featuredmedia":[{"embeddable":true,"href":"https:\/\/cyberskills.pl\/index.php?rest_route=\/wp\/v2\/media\/271"}],"wp:attachment":[{"href":"https:\/\/cyberskills.pl\/index.php?rest_route=%2Fwp%2Fv2%2Fmedia&parent=267"}],"wp:term":[{"taxonomy":"product_brand","embeddable":true,"href":"https:\/\/cyberskills.pl\/index.php?rest_route=%2Fwp%2Fv2%2Fproduct_brand&post=267"},{"taxonomy":"product_cat","embeddable":true,"href":"https:\/\/cyberskills.pl\/index.php?rest_route=%2Fwp%2Fv2%2Fproduct_cat&post=267"},{"taxonomy":"product_tag","embeddable":true,"href":"https:\/\/cyberskills.pl\/index.php?rest_route=%2Fwp%2Fv2%2Fproduct_tag&post=267"}],"curies":[{"name":"wp","href":"https:\/\/api.w.org\/{rel}","templated":true}]}}